{"id":304,"date":"2025-01-29T23:16:02","date_gmt":"2025-01-30T03:16:02","guid":{"rendered":"https:\/\/karenlupton.com\/ga\/?page_id=304"},"modified":"2025-01-29T23:18:54","modified_gmt":"2025-01-30T03:18:54","slug":"community-resources","status":"publish","type":"page","link":"https:\/\/karenlupton.com\/ga\/community-resources\/","title":{"rendered":"Community Resources"},"content":{"rendered":"<section  class='av_textblock_section av-av_textblock-b1dfba9bd0fa17a76984708495577984 '   itemscope=\"itemscope\" itemtype=\"https:\/\/schema.org\/CreativeWork\" ><div class='avia_textblock'  itemprop=\"text\" ><p><strong>Community Information\u00a0<\/strong><\/p>\n<ul>\n<li>Download <em>Know Your Rights<\/em> information:<a href=\"https:\/\/www.ilrc.org\/red-cards-tarjetas-rojas\" target=\"_blank\" rel=\"noopener\">Click Here (various languages offered)<\/a>, <a href=\"https:\/\/www.unidosgeorgia.com\/derechos\" target=\"_blank\" rel=\"noopener\">Spanish<\/a>, for students in\u00a0<a href=\"https:\/\/www.aft.org\/sites\/default\/files\/media\/documents\/2025\/rights_for_immigrant_students_schools_0.pdf\" target=\"_blank\" rel=\"noopener\">English<\/a> and\u00a0<a href=\"https:\/\/www.aft.org\/sites\/default\/files\/media\/documents\/2025\/rights_for_immigrant_students_schools_spanish_0.pdf\" target=\"_blank\" rel=\"noopener\">Spanish<\/a>.<\/li>\n<li>How to create an Emergency Preparedness Plan:\u00a0<a href=\"https:\/\/www.immigrantdefenseproject.org\/wp-content\/uploads\/Emergency-Preparedness-Toolkit.pdf\" target=\"_blank\" rel=\"noopener\">English<\/a> and\u00a0<a href=\"https:\/\/www.dropbox.com\/scl\/fi\/qye1zdvhh4syqcwqdr4bp\/GU-A-DE-PREPARACI-N-PARA-FAMILIAS-INMIGRANTES.pdf?rlkey=fmnrrnmvv7pq1z094j30yc3ss&amp;e=3&amp;st=hxfm6b2k&amp;dl=0\" target=\"_blank\" rel=\"noopener\">Spanish<\/a><\/li>\n<li>For businesses, schools, healthcare providers, and other institutions\u2014consider implementing a fully legal \u2018safe spaces\u2019 policy. Your rights still stand: for instance, government entities, including ICE, still require a judicial warrant to enter your property, except in emergencies. Stay informed and protect your community. See guidance on <a href=\"https:\/\/drive.google.com\/file\/d\/1wYYm6vqxV_QAqimQjEYhD6EOoFvFLKh7\/view?usp=sharing\" target=\"_blank\" rel=\"noopener\">Healthcare, <\/a><a href=\"https:\/\/drive.google.com\/file\/d\/1MvEyBjEYf3aiCV5cwD111BxsuqyCfRlW\/view\" target=\"_blank\" rel=\"noopener\">Childcare Provider<\/a>,\u00a0<a href=\"https:\/\/www.doingitlocal.com\/2025\/01\/bridgeport-public-schools-announces-guidelines-for-protecting-students-during-potential-ice-raids\/\" target=\"_blank\" rel=\"noopener\">Schools<\/a>, and <a href=\"https:\/\/homelesslaw.org\/wp-content\/uploads\/2025\/01\/ICE-Guidance.pdf\" target=\"_blank\" rel=\"noopener\">Homeless Providers.\u00a0<\/a><\/li>\n<li><a href=\"https:\/\/docs.google.com\/document\/d\/1Z8OLzj7FmYKJqd8qSHqxzL63rY1vnDRobwYqji2wxmQ\/edit?usp=sharing\" target=\"_blank\" rel=\"noopener\">Click Here for More Resources<\/a><\/li>\n<\/ul>\n<p><strong>Descargue la informaci\u00f3n sobre Conozca sus Derechos:<\/strong><\/p>\n<ul>\n<li><a href=\"https:\/\/www.ilrc.org\/red-cards-tarjetas-rojas\" target=\"_blank\" rel=\"noopener\">Haga Clic Aqui <\/a>(<em>varios idiomas disponibles<\/em>), <a href=\"https:\/\/www.unidosgeorgia.com\/derechos\" target=\"_blank\" rel=\"noopener\">Espa\u00f1ol<\/a>, para estudiantes en <a href=\"https:\/\/www.aft.org\/sites\/default\/files\/media\/documents\/2025\/rights_for_immigrant_students_schools_0.pdf\" target=\"_blank\" rel=\"noopener\">ingl\u00e9s<\/a>\u00a0y <a href=\"https:\/\/www.aft.org\/sites\/default\/files\/media\/documents\/2025\/rights_for_immigrant_students_schools_spanish_0.pdf\" target=\"_blank\" rel=\"noopener\"><em>espa\u00f1ol<\/em><\/a>.<\/li>\n<li>C\u00f3mo crear un Plan de Preparaci\u00f3n para Emergencias<strong>:<\/strong> <a href=\"https:\/\/www.immigrantdefenseproject.org\/wp-content\/uploads\/Emergency-Preparedness-Toolkit.pdf\" target=\"_blank\" rel=\"noopener\">Ingl\u00e9s<\/a> y <a href=\"https:\/\/www.dropbox.com\/scl\/fi\/qye1zdvhh4syqcwqdr4bp\/GU-A-DE-PREPARACI-N-PARA-FAMILIAS-INMIGRANTES.pdf?rlkey=fmnrrnmvv7pq1z094j30yc3ss&amp;e=3&amp;st=hxfm6b2k&amp;dl=0\" target=\"_blank\" rel=\"noopener\">Espa\u00f1ol<\/a><\/li>\n<li>Para negocios, escuelas, proveedores de atenci\u00f3n m\u00e9dica y otras instituciones\u2014consideren implementar una pol\u00edtica de &#8220;espacios seguros&#8221; totalmente legal. Sus derechos siguen vigentes: por ejemplo, las entidades gubernamentales, incluyendo ICE, a\u00fan requieren una orden judicial para ingresar a su propiedad, excepto en emergencias. Mant\u00e9ngase informado y proteja a su comunidad. Consulte la gu\u00eda para <em><a href=\"https:\/\/drive.google.com\/file\/d\/1wYYm6vqxV_QAqimQjEYhD6EOoFvFLKh7\/view?usp=sharing\" target=\"_blank\" rel=\"noopener\">atenci\u00f3n m\u00e9dica<\/a>, <a href=\"https:\/\/drive.google.com\/file\/d\/1MvEyBjEYf3aiCV5cwD111BxsuqyCfRlW\/view\" target=\"_blank\" rel=\"noopener\">proveedores de cuidado infantil<\/a>, <a href=\"https:\/\/www.doingitlocal.com\/2025\/01\/bridgeport-public-schools-announces-guidelines-for-protecting-students-during-potential-ice-raids\/\" target=\"_blank\" rel=\"noopener\">escuelas, <\/a>y <a href=\"https:\/\/homelesslaw.org\/wp-content\/uploads\/2025\/01\/ICE-Guidance.pdf\" target=\"_blank\" rel=\"noopener\">proveedores de servicios para personas sin hogar<\/a><\/em>.<\/li>\n<li><a href=\"https:\/\/docs.google.com\/document\/d\/1Z8OLzj7FmYKJqd8qSHqxzL63rY1vnDRobwYqji2wxmQ\/edit?usp=sharing\" target=\"_blank\" rel=\"noopener\">Haga clic aqu\u00ed para m\u00e1s recursos<\/a><\/li>\n<\/ul>\n<\/div><\/section>\n","protected":false},"excerpt":{"rendered":"","protected":false},"author":3,"featured_media":0,"parent":0,"menu_order":0,"comment_status":"closed","ping_status":"closed","template":"","meta":{"footnotes":""},"class_list":["post-304","page","type-page","status-publish","hentry"],"_links":{"self":[{"href":"https:\/\/karenlupton.com\/ga\/wp-json\/wp\/v2\/pages\/304","targetHints":{"allow":["GET"]}}],"collection":[{"href":"https:\/\/karenlupton.com\/ga\/wp-json\/wp\/v2\/pages"}],"about":[{"href":"https:\/\/karenlupton.com\/ga\/wp-json\/wp\/v2\/types\/page"}],"author":[{"embeddable":true,"href":"https:\/\/karenlupton.com\/ga\/wp-json\/wp\/v2\/users\/3"}],"replies":[{"embeddable":true,"href":"https:\/\/karenlupton.com\/ga\/wp-json\/wp\/v2\/comments?post=304"}],"version-history":[{"count":6,"href":"https:\/\/karenlupton.com\/ga\/wp-json\/wp\/v2\/pages\/304\/revisions"}],"predecessor-version":[{"id":317,"href":"https:\/\/karenlupton.com\/ga\/wp-json\/wp\/v2\/pages\/304\/revisions\/317"}],"wp:attachment":[{"href":"https:\/\/karenlupton.com\/ga\/wp-json\/wp\/v2\/media?parent=304"}],"curies":[{"name":"wp","href":"https:\/\/api.w.org\/{rel}","templated":true}]}}